{"id":6377,"date":"2017-08-30T11:42:29","date_gmt":"2017-08-30T09:42:29","guid":{"rendered":"https:\/\/logistik-aktuell.com\/?page_id=6377"},"modified":"2022-12-05T14:30:08","modified_gmt":"2022-12-05T14:30:08","slug":"digital-vernetzt","status":"publish","type":"page","link":"https:\/\/pulse.dbschenker.com.staging.mensemedia.net\/de\/digital-vernetzt\/","title":{"rendered":"\u00dcber uns"},"content":{"rendered":"\n<div class=\"wp-block-group content--narrow\"><div class=\"wp-block-group__inner-container is-layout-flow wp-block-group-is-layout-flow\">\n<p>Die Welt tickt heute digital \u2013 M\u00e4rkte werden transparenter. Daten- und Warenstr\u00f6me ver\u00e4ndern sich massiv. Unsere Kundinnen und Kunden stellen immer h\u00f6here Anforderungen an uns. Sie wollen innovative L\u00f6sungen und hohe Qualit\u00e4t \u2013 auch in der \u00dcbermittlung von Informationen und vor allem in der Kommunikation.<\/p>\n\n\n\n<p>Als wichtiges Element in unserer digitalen Kommunikation fungiert der Blog Pulse: In Zusammenarbeit mit anderen europ\u00e4ischen Einheiten, wollen wir uns hier mit relevanten Logistik-Themen und exzellenten Branchen-Storys positionieren. Dar\u00fcber hinaus soll die Aufmerksamkeit auch auf Themen gelenkt werden, die \u00fcber die DB Schenker-Aktivit\u00e4ten hinausgehen. Um einen zus\u00e4tzlichen Mehrwert zu gew\u00e4hrleisten, k\u00f6nnen mit der Auswahl der Landesseiten zudem lokale und landesspezifische News aufgerufen werden.<\/p>\n\n\n\n<p>Pulse, als Blog von DB Schenker in Deutschland, verfolgt den Anspruch \u00fcber Forschungen und Trends zu berichten, l\u00e4sst Expertinnen und Experten zu Wort kommen und wirft auch einen Blick \u00fcber den Tellerrand hinaus. Von Innovationen, \u00fcber Best-Practices bis zu News auf dem Markt: In ausf\u00fchrlichen Berichten und Reportagen werden aktuelle Herausforderungen rund um Logistik 4.0, Warehousing, Kontraktlogistik oder Supply Chain Management n\u00e4her beleuchtet und multimedial aufbereitet.<\/p>\n\n\n\n<p>Daf\u00fcr haben wir ein Team aus Kommunikationsprofis, Redakteurinnen und Redakteure sowie Journalistinnen und Journalisten zusammengestellt, die als Netzwerk unseren Blog mit qualitativ hochwertigen Inhalten versorgen. Zu unserem Team z\u00e4hlen neben Maren Steppuhn (Leiterin Kommunikation), Redakteurinnen und Redakteure aus den Bereichen Logistik, Wissenschaft, Wirtschaft, Sportkommunikation sowie Gastautorinnen und -autoren aus Forschung, Wissenschaft und Logistik.<\/p>\n\n\n\n<p>Sie alle sind hautnah dran an der Branche, um unsere Leserschaft mit Trends und Themen aus der ganzen Welt zu versorgen. Denn sie wissen: Die wirklich spannenden Geschichten dar\u00fcber, wie Wirtschaft heute funktioniert, erz\u00e4hlen die Logistikerinnen und Logistiker.<\/p>\n<\/div><\/div>\n\n\n\n<div style=\"height:100px\" aria-hidden=\"true\" class=\"wp-block-spacer\"><\/div>\n\n\n\n<div class=\"wp-block-columns flex-justify-center is-layout-flex wp-container-core-columns-is-layout-9d6595d7 wp-block-columns-is-layout-flex\">\n<div class=\"wp-block-column column--author is-layout-flow wp-block-column-is-layout-flow\">\n<div class=\"wp-block-group\"><div class=\"wp-block-group__inner-container is-layout-flow wp-block-group-is-layout-flow\">\n<figure class=\"wp-block-image size-thumbnail is-style-rounded\"><img loading=\"lazy\" decoding=\"async\" width=\"150\" height=\"150\" src=\"https:\/\/pulse.dbschenker.com\/de\/wp-content\/uploads\/sites\/3\/2022\/03\/U7A8788_Maren_bearb-150x150.jpg\" alt=\"\" class=\"wp-image-19007\"\/><\/figure>\n\n\n\n<h2 class=\"wp-block-heading\">Maren Steppuhn<\/h2>\n\n\n\n<p>Kommunikation ist nicht nur Mittel, sondern auch ein Wert an sich. Gute und offene Kommunikation sorgt f\u00fcr mehr Verst\u00e4ndnis, kn\u00fcpft neue Bande, begeistert Menschen und er\u00f6ffnet bisher unbekannte Wege. Als Leiterin Kommunikation befasst Maren Steppuhn sich mit crossmedialen Formaten, digitaler Kommunikation sowie Presse- und \u00d6ffentlichkeitsarbeit.<\/p>\n<\/div><\/div>\n<\/div>\n\n\n\n<div class=\"wp-block-column column--author is-layout-flow wp-block-column-is-layout-flow\">\n<div class=\"wp-block-group\"><div class=\"wp-block-group__inner-container is-layout-flow wp-block-group-is-layout-flow\">\n<figure class=\"wp-block-image size-thumbnail is-style-rounded\"><img loading=\"lazy\" decoding=\"async\" width=\"150\" height=\"150\" src=\"https:\/\/pulse.dbschenker.com\/de\/wp-content\/uploads\/sites\/3\/2022\/03\/FS_01_658x658px-150x150.jpg\" alt=\"\" class=\"wp-image-19013\" srcset=\"https:\/\/pulse.dbschenker.com.staging.mensemedia.net\/de\/wp-content\/uploads\/sites\/3\/2022\/03\/FS_01_658x658px-150x150.jpg 150w, https:\/\/pulse.dbschenker.com.staging.mensemedia.net\/de\/wp-content\/uploads\/sites\/3\/2022\/03\/FS_01_658x658px-300x300.jpg 300w, https:\/\/pulse.dbschenker.com.staging.mensemedia.net\/de\/wp-content\/uploads\/sites\/3\/2022\/03\/FS_01_658x658px-553x553.jpg 553w, https:\/\/pulse.dbschenker.com.staging.mensemedia.net\/de\/wp-content\/uploads\/sites\/3\/2022\/03\/FS_01_658x658px.jpg 658w\" sizes=\"auto, (max-width: 150px) 100vw, 150px\" \/><\/figure>\n\n\n\n<h2 class=\"wp-block-heading\">Frieder Schwitzgebel<\/h2>\n\n\n\n<p>Dr. Frieder Schwitzgebel studierte Philosophie und Physik an den Universit\u00e4ten Mainz und Dijon und arbeitet seit 1996 als Unternehmensjournalist. Er ist Dozent f\u00fcr Wirtschaftsphilosophie an der Verwaltungs- und Wirtschaftsakademie Wiesbaden.&nbsp;Seine Schwerpunkte sind Neue Technologien, Kontraktlogistik und die Plattform\u00f6konomie.<\/p>\n<\/div><\/div>\n<\/div>\n\n\n\n<div class=\"wp-block-column column--author is-layout-flow wp-block-column-is-layout-flow\">\n<div class=\"wp-block-group\"><div class=\"wp-block-group__inner-container is-layout-flow wp-block-group-is-layout-flow\">\n<figure class=\"wp-block-image size-thumbnail is-style-rounded\"><img loading=\"lazy\" decoding=\"async\" width=\"150\" height=\"150\" src=\"https:\/\/pulse.dbschenker.com\/de\/wp-content\/uploads\/sites\/3\/2022\/03\/AndreasPietsch_0030-1-150x150.jpg\" alt=\"\" class=\"wp-image-19009\"\/><\/figure>\n\n\n\n<h2 class=\"wp-block-heading\">Andreas Pietsch<\/h2>\n\n\n\n<p>Der freie Journalist Andreas Pietsch ist auf Logistik-Themen spezialisiert. Er schreibt seit 1992 f\u00fcr DB\u00a0Schenker beziehungsweise f\u00fcr die Vorg\u00e4ngergesellschaften. Am meisten angetan haben es ihm die Themen aus Landverkehr, Seefracht und Kontraktlogistik. Aber auch bei der Luftfracht wei\u00df er, wie man einen Sachverhalt treffend auf den Punkt bringt.<\/p>\n<\/div><\/div>\n<\/div>\n<\/div>\n\n\n\n<div class=\"wp-block-columns flex-justify-center is-layout-flex wp-container-core-columns-is-layout-9d6595d7 wp-block-columns-is-layout-flex\">\n<div class=\"wp-block-column is-vertically-aligned-top column--author is-layout-flow wp-block-column-is-layout-flow\" style=\"flex-basis:350px\">\n<div class=\"wp-block-group\"><div class=\"wp-block-group__inner-container is-layout-flow wp-block-group-is-layout-flow\">\n<figure class=\"wp-block-image size-thumbnail is-style-rounded\"><img loading=\"lazy\" decoding=\"async\" width=\"150\" height=\"150\" src=\"https:\/\/pulse.dbschenker.com\/de\/wp-content\/uploads\/sites\/3\/2022\/03\/Axel_Novak-150x150.jpg\" alt=\"\" class=\"wp-image-19011\"\/><\/figure>\n\n\n\n<h2 class=\"wp-block-heading\">Axel Novak<\/h2>\n\n\n\n<p>Axel Novak ist freier Journalist in Berlin. Seit mehr als einem Jahrzehnt besch\u00e4ftigt er sich mit der Logistik-Branche und den Ver\u00e4nderungen, denen sie unterworfen ist. Axel Novak schreibt f\u00fcr Zeitungen, f\u00fcr Zeitschriften und f\u00fcr Unternehmen. Seine Schwerpunkte sind allgemeine Wirtschaftsthemen mit dem Fokus auf Mobilit\u00e4t, IT, Energie und Finanzen.<\/p>\n<\/div><\/div>\n<\/div>\n\n\n\n<div class=\"wp-block-column column--author is-layout-flow wp-block-column-is-layout-flow\" style=\"flex-basis:350px\">\n<div class=\"wp-block-group\"><div class=\"wp-block-group__inner-container is-layout-flow wp-block-group-is-layout-flow\">\n<figure class=\"wp-block-image size-thumbnail is-style-rounded\"><img loading=\"lazy\" decoding=\"async\" width=\"150\" height=\"150\" src=\"https:\/\/pulse.dbschenker.com\/de\/wp-content\/uploads\/sites\/3\/2022\/03\/Julia_Weise-150x150.jpg\" alt=\"\" class=\"wp-image-19017\"\/><\/figure>\n\n\n\n<h2 class=\"wp-block-heading\">Julia Weise<\/h2>\n\n\n\n<p>Julia Weise berichtet \u00fcber komplizierte technische Themen, ohne dass man daf\u00fcr ein Fremdw\u00f6rterbuch braucht. Sie schreibt \u00fcber Trends und Herausforderungen unter anderem in der Kontraktlogistik und dem Warehouse Management sowie \u00fcber smarte Softwarel\u00f6sungen. Die studierte Friedens- und Konfliktforscherin betreut in der Frankfurter PR-Agentur Adel &amp; Link B2B-Kunden und Unternehmen aus der Tech-Branche.<\/p>\n<\/div><\/div>\n<\/div>\n<\/div>\n","protected":false},"excerpt":{"rendered":"<p>Die Welt tickt heute digital \u2013 M\u00e4rkte werden transparenter. Daten- und Warenstr\u00f6me ver\u00e4ndern sich massiv. Unsere Kundinnen und Kunden stellen immer h\u00f6here Anforderungen an uns. Sie wollen innovative L\u00f6sungen&hellip;<\/p>\n","protected":false},"author":34,"featured_media":0,"parent":0,"menu_order":0,"comment_status":"closed","ping_status":"closed","template":"","meta":{"footnotes":""},"class_list":["post-6377","page","type-page","status-publish","hentry"],"yoast_head":"<!-- This site is optimized with the Yoast SEO plugin v25.3.1 - https:\/\/yoast.com\/wordpress\/plugins\/seo\/ -->\n<title>\u00dcber uns - Pulse\/de<\/title>\n<meta name=\"robots\" content=\"index, follow, max-snippet:-1, max-image-preview:large, max-video-preview:-1\" \/>\n<link rel=\"canonical\" href=\"https:\/\/pulse.dbschenker.com.staging.mensemedia.net\/de\/digital-vernetzt\/\" \/>\n<meta property=\"og:locale\" content=\"de_DE\" \/>\n<meta property=\"og:type\" content=\"article\" \/>\n<meta property=\"og:title\" content=\"\u00dcber uns - Pulse\/de\" \/>\n<meta property=\"og:description\" content=\"Die Welt tickt heute digital \u2013 M\u00e4rkte werden transparenter. Daten- und Warenstr\u00f6me ver\u00e4ndern sich massiv. Unsere Kundinnen und Kunden stellen immer h\u00f6here Anforderungen an uns. Sie wollen innovative L\u00f6sungen&hellip;\" \/>\n<meta property=\"og:url\" content=\"https:\/\/pulse.dbschenker.com.staging.mensemedia.net\/de\/digital-vernetzt\/\" \/>\n<meta property=\"og:site_name\" content=\"Pulse\/de\" \/>\n<meta property=\"article:modified_time\" content=\"2022-12-05T14:30:08+00:00\" \/>\n<meta property=\"og:image\" content=\"https:\/\/pulse.dbschenker.com\/de\/wp-content\/uploads\/sites\/3\/2022\/03\/U7A8788_Maren_bearb-150x150.jpg\" \/>\n<meta name=\"twitter:card\" content=\"summary_large_image\" \/>\n<meta name=\"twitter:label1\" content=\"Gesch\u00e4tzte Lesezeit\" \/>\n\t<meta name=\"twitter:data1\" content=\"4\u00a0Minuten\" \/>\n<script type=\"application\/ld+json\" class=\"yoast-schema-graph\">{\"@context\":\"https:\/\/schema.org\",\"@graph\":[{\"@type\":\"WebPage\",\"@id\":\"https:\/\/pulse.dbschenker.com.staging.mensemedia.net\/de\/digital-vernetzt\/\",\"url\":\"https:\/\/pulse.dbschenker.com.staging.mensemedia.net\/de\/digital-vernetzt\/\",\"name\":\"\u00dcber uns - Pulse\/de\",\"isPartOf\":{\"@id\":\"https:\/\/pulse.dbschenker.com.staging.mensemedia.net\/de\/#website\"},\"primaryImageOfPage\":{\"@id\":\"https:\/\/pulse.dbschenker.com.staging.mensemedia.net\/de\/digital-vernetzt\/#primaryimage\"},\"image\":{\"@id\":\"https:\/\/pulse.dbschenker.com.staging.mensemedia.net\/de\/digital-vernetzt\/#primaryimage\"},\"thumbnailUrl\":\"https:\/\/pulse.dbschenker.com\/de\/wp-content\/uploads\/sites\/3\/2022\/03\/U7A8788_Maren_bearb-150x150.jpg\",\"datePublished\":\"2017-08-30T09:42:29+00:00\",\"dateModified\":\"2022-12-05T14:30:08+00:00\",\"breadcrumb\":{\"@id\":\"https:\/\/pulse.dbschenker.com.staging.mensemedia.net\/de\/digital-vernetzt\/#breadcrumb\"},\"inLanguage\":\"de\",\"potentialAction\":[{\"@type\":\"ReadAction\",\"target\":[\"https:\/\/pulse.dbschenker.com.staging.mensemedia.net\/de\/digital-vernetzt\/\"]}]},{\"@type\":\"ImageObject\",\"inLanguage\":\"de\",\"@id\":\"https:\/\/pulse.dbschenker.com.staging.mensemedia.net\/de\/digital-vernetzt\/#primaryimage\",\"url\":\"https:\/\/pulse.dbschenker.com\/de\/wp-content\/uploads\/sites\/3\/2022\/03\/U7A8788_Maren_bearb-150x150.jpg\",\"contentUrl\":\"https:\/\/pulse.dbschenker.com\/de\/wp-content\/uploads\/sites\/3\/2022\/03\/U7A8788_Maren_bearb-150x150.jpg\"},{\"@type\":\"BreadcrumbList\",\"@id\":\"https:\/\/pulse.dbschenker.com.staging.mensemedia.net\/de\/digital-vernetzt\/#breadcrumb\",\"itemListElement\":[{\"@type\":\"ListItem\",\"position\":1,\"name\":\"Home\",\"item\":\"https:\/\/pulse.dbschenker.com.staging.mensemedia.net\/de\/\"},{\"@type\":\"ListItem\",\"position\":2,\"name\":\"\u00dcber uns\"}]},{\"@type\":\"WebSite\",\"@id\":\"https:\/\/pulse.dbschenker.com.staging.mensemedia.net\/de\/#website\",\"url\":\"https:\/\/pulse.dbschenker.com.staging.mensemedia.net\/de\/\",\"name\":\"Pulse\/de\",\"description\":\"The German Blog by DB Schenker\",\"publisher\":{\"@id\":\"https:\/\/pulse.dbschenker.com.staging.mensemedia.net\/de\/#organization\"},\"potentialAction\":[{\"@type\":\"SearchAction\",\"target\":{\"@type\":\"EntryPoint\",\"urlTemplate\":\"https:\/\/pulse.dbschenker.com.staging.mensemedia.net\/de\/?s={search_term_string}\"},\"query-input\":{\"@type\":\"PropertyValueSpecification\",\"valueRequired\":true,\"valueName\":\"search_term_string\"}}],\"inLanguage\":\"de\"},{\"@type\":\"Organization\",\"@id\":\"https:\/\/pulse.dbschenker.com.staging.mensemedia.net\/de\/#organization\",\"name\":\"Pulse\/de\",\"url\":\"https:\/\/pulse.dbschenker.com.staging.mensemedia.net\/de\/\",\"logo\":{\"@type\":\"ImageObject\",\"inLanguage\":\"de\",\"@id\":\"https:\/\/pulse.dbschenker.com.staging.mensemedia.net\/de\/#\/schema\/logo\/image\/\",\"url\":\"https:\/\/pulse.dbschenker.com.staging.mensemedia.net\/de\/wp-content\/uploads\/sites\/3\/2021\/06\/flag-de.svg\",\"contentUrl\":\"https:\/\/pulse.dbschenker.com.staging.mensemedia.net\/de\/wp-content\/uploads\/sites\/3\/2021\/06\/flag-de.svg\",\"caption\":\"Pulse\/de\"},\"image\":{\"@id\":\"https:\/\/pulse.dbschenker.com.staging.mensemedia.net\/de\/#\/schema\/logo\/image\/\"}}]}<\/script>\n<!-- \/ Yoast SEO plugin. -->","yoast_head_json":{"title":"\u00dcber uns - Pulse\/de","robots":{"index":"index","follow":"follow","max-snippet":"max-snippet:-1","max-image-preview":"max-image-preview:large","max-video-preview":"max-video-preview:-1"},"canonical":"https:\/\/pulse.dbschenker.com.staging.mensemedia.net\/de\/digital-vernetzt\/","og_locale":"de_DE","og_type":"article","og_title":"\u00dcber uns - Pulse\/de","og_description":"Die Welt tickt heute digital \u2013 M\u00e4rkte werden transparenter. Daten- und Warenstr\u00f6me ver\u00e4ndern sich massiv. Unsere Kundinnen und Kunden stellen immer h\u00f6here Anforderungen an uns. Sie wollen innovative L\u00f6sungen&hellip;","og_url":"https:\/\/pulse.dbschenker.com.staging.mensemedia.net\/de\/digital-vernetzt\/","og_site_name":"Pulse\/de","article_modified_time":"2022-12-05T14:30:08+00:00","og_image":[{"url":"https:\/\/pulse.dbschenker.com\/de\/wp-content\/uploads\/sites\/3\/2022\/03\/U7A8788_Maren_bearb-150x150.jpg","type":"","width":"","height":""}],"twitter_card":"summary_large_image","twitter_misc":{"Gesch\u00e4tzte Lesezeit":"4\u00a0Minuten"},"schema":{"@context":"https:\/\/schema.org","@graph":[{"@type":"WebPage","@id":"https:\/\/pulse.dbschenker.com.staging.mensemedia.net\/de\/digital-vernetzt\/","url":"https:\/\/pulse.dbschenker.com.staging.mensemedia.net\/de\/digital-vernetzt\/","name":"\u00dcber uns - Pulse\/de","isPartOf":{"@id":"https:\/\/pulse.dbschenker.com.staging.mensemedia.net\/de\/#website"},"primaryImageOfPage":{"@id":"https:\/\/pulse.dbschenker.com.staging.mensemedia.net\/de\/digital-vernetzt\/#primaryimage"},"image":{"@id":"https:\/\/pulse.dbschenker.com.staging.mensemedia.net\/de\/digital-vernetzt\/#primaryimage"},"thumbnailUrl":"https:\/\/pulse.dbschenker.com\/de\/wp-content\/uploads\/sites\/3\/2022\/03\/U7A8788_Maren_bearb-150x150.jpg","datePublished":"2017-08-30T09:42:29+00:00","dateModified":"2022-12-05T14:30:08+00:00","breadcrumb":{"@id":"https:\/\/pulse.dbschenker.com.staging.mensemedia.net\/de\/digital-vernetzt\/#breadcrumb"},"inLanguage":"de","potentialAction":[{"@type":"ReadAction","target":["https:\/\/pulse.dbschenker.com.staging.mensemedia.net\/de\/digital-vernetzt\/"]}]},{"@type":"ImageObject","inLanguage":"de","@id":"https:\/\/pulse.dbschenker.com.staging.mensemedia.net\/de\/digital-vernetzt\/#primaryimage","url":"https:\/\/pulse.dbschenker.com\/de\/wp-content\/uploads\/sites\/3\/2022\/03\/U7A8788_Maren_bearb-150x150.jpg","contentUrl":"https:\/\/pulse.dbschenker.com\/de\/wp-content\/uploads\/sites\/3\/2022\/03\/U7A8788_Maren_bearb-150x150.jpg"},{"@type":"BreadcrumbList","@id":"https:\/\/pulse.dbschenker.com.staging.mensemedia.net\/de\/digital-vernetzt\/#breadcrumb","itemListElement":[{"@type":"ListItem","position":1,"name":"Home","item":"https:\/\/pulse.dbschenker.com.staging.mensemedia.net\/de\/"},{"@type":"ListItem","position":2,"name":"\u00dcber uns"}]},{"@type":"WebSite","@id":"https:\/\/pulse.dbschenker.com.staging.mensemedia.net\/de\/#website","url":"https:\/\/pulse.dbschenker.com.staging.mensemedia.net\/de\/","name":"Pulse\/de","description":"The German Blog by DB Schenker","publisher":{"@id":"https:\/\/pulse.dbschenker.com.staging.mensemedia.net\/de\/#organization"},"potentialAction":[{"@type":"SearchAction","target":{"@type":"EntryPoint","urlTemplate":"https:\/\/pulse.dbschenker.com.staging.mensemedia.net\/de\/?s={search_term_string}"},"query-input":{"@type":"PropertyValueSpecification","valueRequired":true,"valueName":"search_term_string"}}],"inLanguage":"de"},{"@type":"Organization","@id":"https:\/\/pulse.dbschenker.com.staging.mensemedia.net\/de\/#organization","name":"Pulse\/de","url":"https:\/\/pulse.dbschenker.com.staging.mensemedia.net\/de\/","logo":{"@type":"ImageObject","inLanguage":"de","@id":"https:\/\/pulse.dbschenker.com.staging.mensemedia.net\/de\/#\/schema\/logo\/image\/","url":"https:\/\/pulse.dbschenker.com.staging.mensemedia.net\/de\/wp-content\/uploads\/sites\/3\/2021\/06\/flag-de.svg","contentUrl":"https:\/\/pulse.dbschenker.com.staging.mensemedia.net\/de\/wp-content\/uploads\/sites\/3\/2021\/06\/flag-de.svg","caption":"Pulse\/de"},"image":{"@id":"https:\/\/pulse.dbschenker.com.staging.mensemedia.net\/de\/#\/schema\/logo\/image\/"}}]}},"_links":{"self":[{"href":"https:\/\/pulse.dbschenker.com.staging.mensemedia.net\/de\/wp-json\/wp\/v2\/pages\/6377","targetHints":{"allow":["GET"]}}],"collection":[{"href":"https:\/\/pulse.dbschenker.com.staging.mensemedia.net\/de\/wp-json\/wp\/v2\/pages"}],"about":[{"href":"https:\/\/pulse.dbschenker.com.staging.mensemedia.net\/de\/wp-json\/wp\/v2\/types\/page"}],"author":[{"embeddable":true,"href":"https:\/\/pulse.dbschenker.com.staging.mensemedia.net\/de\/wp-json\/wp\/v2\/users\/34"}],"replies":[{"embeddable":true,"href":"https:\/\/pulse.dbschenker.com.staging.mensemedia.net\/de\/wp-json\/wp\/v2\/comments?post=6377"}],"version-history":[{"count":14,"href":"https:\/\/pulse.dbschenker.com.staging.mensemedia.net\/de\/wp-json\/wp\/v2\/pages\/6377\/revisions"}],"predecessor-version":[{"id":19617,"href":"https:\/\/pulse.dbschenker.com.staging.mensemedia.net\/de\/wp-json\/wp\/v2\/pages\/6377\/revisions\/19617"}],"wp:attachment":[{"href":"https:\/\/pulse.dbschenker.com.staging.mensemedia.net\/de\/wp-json\/wp\/v2\/media?parent=6377"}],"curies":[{"name":"wp","href":"https:\/\/api.w.org\/{rel}","templated":true}]}}