{"id":554,"date":"2022-02-04T14:41:39","date_gmt":"2022-02-04T14:41:39","guid":{"rendered":"https:\/\/pulse.dbschenker.com\/fr\/?page_id=554"},"modified":"2022-02-04T14:44:10","modified_gmt":"2022-02-04T14:44:10","slug":"quelles-sont-les-missions-de-la-douane","status":"publish","type":"page","link":"https:\/\/pulse.dbschenker.com.staging.mensemedia.net\/fr\/quelles-sont-les-missions-de-la-douane\/","title":{"rendered":"Quelles sont les missions de la Douane ?"},"content":{"rendered":"\n<h3 class=\"wp-block-heading\"><strong>Mission de protection<\/strong><\/h3>\n\n\n\n<p>Par sa situation strat\u00e9gique \u00e0 la fronti\u00e8re, la douane a en charge la protection du territoire et des citoyens, des int\u00e9r\u00eats \u00e9conomiques et financiers nationaux ou communautaires<\/p>\n\n\n\n<ul class=\"wp-block-list\"><li>Sant\u00e9 publique (m\u00e9dicaments, produits phytosanitaires, stup\u00e9fiants)<\/li><li>S\u00e9curit\u00e9 publique (conformit\u00e9, contrefa\u00e7on, armes)<\/li><li>Patrimoine (biens culturels nationaux)<\/li><li>Environnement (faunes et flores, surveillance des mouvements des d\u00e9chets toxiques)<\/li><\/ul>\n\n\n\n<h3 class=\"wp-block-heading\"><strong>Mission \u00e9conomique<\/strong><\/h3>\n\n\n\n<p>Gr\u00e2ce \u00e0 sa connaissance approfondie des flux internationaux, l\u2019administration des douanes soutient l&#8217;\u00e9conomie nationale et les entreprises fran\u00e7aises en&nbsp;:<\/p>\n\n\n\n<ul class=\"wp-block-list\"><li>Prot\u00e9geant l&#8217;\u00e9conomie nationale et europ\u00e9enne contre les pratiques d\u00e9loyales (l&#8217;application des droits anti-dumping et la lutte contre les contrefa\u00e7ons)<\/li><li>Facilitant le commerce international par une prise en charge rapide et efficace des flux<\/li><li>&nbsp;Offrant des prestations adapt\u00e9es aux entreprises : conseils personnalis\u00e9s et proc\u00e9dures simplifi\u00e9es.<\/li><li>Elaborant les statistiques du commerce ext\u00e9rieur de marchandises de la France : ces donn\u00e9es sont utiles aux pouvoirs publics comme aux entreprises.<\/li><li>&nbsp;Mettant en place des r\u00e9gimes particuliers afin de suspendre les droits et taxes \u00e0 l\u2019entr\u00e9e des marchandises dans l\u2019Union Europ\u00e9enne.<\/li><\/ul>\n\n\n\n<h3 class=\"wp-block-heading\"><strong>Mission fiscale<\/strong><\/h3>\n\n\n\n<p>L\u2019administration des douanes per\u00e7oit chaque ann\u00e9e environ 13 % des recettes de l\u2019Etat et contribue, comme les autorit\u00e9s douani\u00e8res des autres Etats membres, au financement du budget europ\u00e9en.<\/p>\n\n\n\n<ul class=\"wp-block-list\"><li>Percevoir les recettes de l\u2019\u00c9tat et de l\u2019UE (Droits de douane, TVA, Accises, fiscalit\u00e9 environnementale)<\/li><li>Lutte contre la fraude fiscale<\/li><\/ul>\n","protected":false},"excerpt":{"rendered":"<p>Mission de protection Par sa situation strat\u00e9gique \u00e0 la fronti\u00e8re, la douane a en charge la protection du territoire et des citoyens, des int\u00e9r\u00eats \u00e9conomiques et financiers nationaux ou communautaires Sant\u00e9&hellip;<\/p>\n","protected":false},"author":11,"featured_media":539,"parent":0,"menu_order":0,"comment_status":"closed","ping_status":"closed","template":"","meta":{"footnotes":""},"class_list":["post-554","page","type-page","status-publish","has-post-thumbnail","hentry"],"yoast_head":"<!-- This site is optimized with the Yoast SEO plugin v25.3.1 - https:\/\/yoast.com\/wordpress\/plugins\/seo\/ -->\n<title>Quelles sont les missions de la Douane ? - Pulse\/fr<\/title>\n<meta name=\"robots\" content=\"index, follow, max-snippet:-1, max-image-preview:large, max-video-preview:-1\" \/>\n<link rel=\"canonical\" href=\"https:\/\/pulse.dbschenker.com.staging.mensemedia.net\/fr\/quelles-sont-les-missions-de-la-douane\/\" \/>\n<meta property=\"og:locale\" content=\"fr_FR\" \/>\n<meta property=\"og:type\" content=\"article\" \/>\n<meta property=\"og:title\" content=\"Quelles sont les missions de la Douane ? - Pulse\/fr\" \/>\n<meta property=\"og:description\" content=\"Mission de protection Par sa situation strat\u00e9gique \u00e0 la fronti\u00e8re, la douane a en charge la protection du territoire et des citoyens, des int\u00e9r\u00eats \u00e9conomiques et financiers nationaux ou communautaires Sant\u00e9&hellip;\" \/>\n<meta property=\"og:url\" content=\"https:\/\/pulse.dbschenker.com.staging.mensemedia.net\/fr\/quelles-sont-les-missions-de-la-douane\/\" \/>\n<meta property=\"og:site_name\" content=\"Pulse\/fr\" \/>\n<meta property=\"article:modified_time\" content=\"2022-02-04T14:44:10+00:00\" \/>\n<meta property=\"og:image\" content=\"https:\/\/pulse.dbschenker.com.staging.mensemedia.net\/fr\/wp-content\/uploads\/sites\/2\/2022\/02\/Nos_prestations_DOUANE.jpg\" \/>\n\t<meta property=\"og:image:width\" content=\"1295\" \/>\n\t<meta property=\"og:image:height\" content=\"970\" \/>\n\t<meta property=\"og:image:type\" content=\"image\/jpeg\" \/>\n<meta name=\"twitter:card\" content=\"summary_large_image\" \/>\n<meta name=\"twitter:label1\" content=\"Est. reading time\" \/>\n\t<meta name=\"twitter:data1\" content=\"1 minute\" \/>\n<script type=\"application\/ld+json\" class=\"yoast-schema-graph\">{\"@context\":\"https:\/\/schema.org\",\"@graph\":[{\"@type\":\"WebPage\",\"@id\":\"https:\/\/pulse.dbschenker.com.staging.mensemedia.net\/fr\/quelles-sont-les-missions-de-la-douane\/\",\"url\":\"https:\/\/pulse.dbschenker.com.staging.mensemedia.net\/fr\/quelles-sont-les-missions-de-la-douane\/\",\"name\":\"Quelles sont les missions de la Douane ? - Pulse\/fr\",\"isPartOf\":{\"@id\":\"https:\/\/pulse.dbschenker.com.staging.mensemedia.net\/fr\/#website\"},\"primaryImageOfPage\":{\"@id\":\"https:\/\/pulse.dbschenker.com.staging.mensemedia.net\/fr\/quelles-sont-les-missions-de-la-douane\/#primaryimage\"},\"image\":{\"@id\":\"https:\/\/pulse.dbschenker.com.staging.mensemedia.net\/fr\/quelles-sont-les-missions-de-la-douane\/#primaryimage\"},\"thumbnailUrl\":\"https:\/\/pulse.dbschenker.com.staging.mensemedia.net\/fr\/wp-content\/uploads\/sites\/2\/2022\/02\/Nos_prestations_DOUANE.jpg\",\"datePublished\":\"2022-02-04T14:41:39+00:00\",\"dateModified\":\"2022-02-04T14:44:10+00:00\",\"breadcrumb\":{\"@id\":\"https:\/\/pulse.dbschenker.com.staging.mensemedia.net\/fr\/quelles-sont-les-missions-de-la-douane\/#breadcrumb\"},\"inLanguage\":\"fr-FR\",\"potentialAction\":[{\"@type\":\"ReadAction\",\"target\":[\"https:\/\/pulse.dbschenker.com.staging.mensemedia.net\/fr\/quelles-sont-les-missions-de-la-douane\/\"]}]},{\"@type\":\"ImageObject\",\"inLanguage\":\"fr-FR\",\"@id\":\"https:\/\/pulse.dbschenker.com.staging.mensemedia.net\/fr\/quelles-sont-les-missions-de-la-douane\/#primaryimage\",\"url\":\"https:\/\/pulse.dbschenker.com.staging.mensemedia.net\/fr\/wp-content\/uploads\/sites\/2\/2022\/02\/Nos_prestations_DOUANE.jpg\",\"contentUrl\":\"https:\/\/pulse.dbschenker.com.staging.mensemedia.net\/fr\/wp-content\/uploads\/sites\/2\/2022\/02\/Nos_prestations_DOUANE.jpg\",\"width\":1295,\"height\":970},{\"@type\":\"BreadcrumbList\",\"@id\":\"https:\/\/pulse.dbschenker.com.staging.mensemedia.net\/fr\/quelles-sont-les-missions-de-la-douane\/#breadcrumb\",\"itemListElement\":[{\"@type\":\"ListItem\",\"position\":1,\"name\":\"Home\",\"item\":\"https:\/\/pulse.dbschenker.com.staging.mensemedia.net\/fr\/\"},{\"@type\":\"ListItem\",\"position\":2,\"name\":\"Quelles sont les missions de la Douane ?\"}]},{\"@type\":\"WebSite\",\"@id\":\"https:\/\/pulse.dbschenker.com.staging.mensemedia.net\/fr\/#website\",\"url\":\"https:\/\/pulse.dbschenker.com.staging.mensemedia.net\/fr\/\",\"name\":\"Pulse\/fr\",\"description\":\"The French blog par DB Schenker\",\"publisher\":{\"@id\":\"https:\/\/pulse.dbschenker.com.staging.mensemedia.net\/fr\/#organization\"},\"potentialAction\":[{\"@type\":\"SearchAction\",\"target\":{\"@type\":\"EntryPoint\",\"urlTemplate\":\"https:\/\/pulse.dbschenker.com.staging.mensemedia.net\/fr\/?s={search_term_string}\"},\"query-input\":{\"@type\":\"PropertyValueSpecification\",\"valueRequired\":true,\"valueName\":\"search_term_string\"}}],\"inLanguage\":\"fr-FR\"},{\"@type\":\"Organization\",\"@id\":\"https:\/\/pulse.dbschenker.com.staging.mensemedia.net\/fr\/#organization\",\"name\":\"Pulse\/fr\",\"url\":\"https:\/\/pulse.dbschenker.com.staging.mensemedia.net\/fr\/\",\"logo\":{\"@type\":\"ImageObject\",\"inLanguage\":\"fr-FR\",\"@id\":\"https:\/\/pulse.dbschenker.com.staging.mensemedia.net\/fr\/#\/schema\/logo\/image\/\",\"url\":\"https:\/\/pulse.dbschenker.com.staging.mensemedia.net\/fr\/wp-content\/uploads\/sites\/2\/2021\/01\/flag-1.svg\",\"contentUrl\":\"https:\/\/pulse.dbschenker.com.staging.mensemedia.net\/fr\/wp-content\/uploads\/sites\/2\/2021\/01\/flag-1.svg\",\"caption\":\"Pulse\/fr\"},\"image\":{\"@id\":\"https:\/\/pulse.dbschenker.com.staging.mensemedia.net\/fr\/#\/schema\/logo\/image\/\"}}]}<\/script>\n<!-- \/ Yoast SEO plugin. -->","yoast_head_json":{"title":"Quelles sont les missions de la Douane ? - Pulse\/fr","robots":{"index":"index","follow":"follow","max-snippet":"max-snippet:-1","max-image-preview":"max-image-preview:large","max-video-preview":"max-video-preview:-1"},"canonical":"https:\/\/pulse.dbschenker.com.staging.mensemedia.net\/fr\/quelles-sont-les-missions-de-la-douane\/","og_locale":"fr_FR","og_type":"article","og_title":"Quelles sont les missions de la Douane ? - Pulse\/fr","og_description":"Mission de protection Par sa situation strat\u00e9gique \u00e0 la fronti\u00e8re, la douane a en charge la protection du territoire et des citoyens, des int\u00e9r\u00eats \u00e9conomiques et financiers nationaux ou communautaires Sant\u00e9&hellip;","og_url":"https:\/\/pulse.dbschenker.com.staging.mensemedia.net\/fr\/quelles-sont-les-missions-de-la-douane\/","og_site_name":"Pulse\/fr","article_modified_time":"2022-02-04T14:44:10+00:00","og_image":[{"width":1295,"height":970,"url":"https:\/\/pulse.dbschenker.com.staging.mensemedia.net\/fr\/wp-content\/uploads\/sites\/2\/2022\/02\/Nos_prestations_DOUANE.jpg","type":"image\/jpeg"}],"twitter_card":"summary_large_image","twitter_misc":{"Est. reading time":"1 minute"},"schema":{"@context":"https:\/\/schema.org","@graph":[{"@type":"WebPage","@id":"https:\/\/pulse.dbschenker.com.staging.mensemedia.net\/fr\/quelles-sont-les-missions-de-la-douane\/","url":"https:\/\/pulse.dbschenker.com.staging.mensemedia.net\/fr\/quelles-sont-les-missions-de-la-douane\/","name":"Quelles sont les missions de la Douane ? - Pulse\/fr","isPartOf":{"@id":"https:\/\/pulse.dbschenker.com.staging.mensemedia.net\/fr\/#website"},"primaryImageOfPage":{"@id":"https:\/\/pulse.dbschenker.com.staging.mensemedia.net\/fr\/quelles-sont-les-missions-de-la-douane\/#primaryimage"},"image":{"@id":"https:\/\/pulse.dbschenker.com.staging.mensemedia.net\/fr\/quelles-sont-les-missions-de-la-douane\/#primaryimage"},"thumbnailUrl":"https:\/\/pulse.dbschenker.com.staging.mensemedia.net\/fr\/wp-content\/uploads\/sites\/2\/2022\/02\/Nos_prestations_DOUANE.jpg","datePublished":"2022-02-04T14:41:39+00:00","dateModified":"2022-02-04T14:44:10+00:00","breadcrumb":{"@id":"https:\/\/pulse.dbschenker.com.staging.mensemedia.net\/fr\/quelles-sont-les-missions-de-la-douane\/#breadcrumb"},"inLanguage":"fr-FR","potentialAction":[{"@type":"ReadAction","target":["https:\/\/pulse.dbschenker.com.staging.mensemedia.net\/fr\/quelles-sont-les-missions-de-la-douane\/"]}]},{"@type":"ImageObject","inLanguage":"fr-FR","@id":"https:\/\/pulse.dbschenker.com.staging.mensemedia.net\/fr\/quelles-sont-les-missions-de-la-douane\/#primaryimage","url":"https:\/\/pulse.dbschenker.com.staging.mensemedia.net\/fr\/wp-content\/uploads\/sites\/2\/2022\/02\/Nos_prestations_DOUANE.jpg","contentUrl":"https:\/\/pulse.dbschenker.com.staging.mensemedia.net\/fr\/wp-content\/uploads\/sites\/2\/2022\/02\/Nos_prestations_DOUANE.jpg","width":1295,"height":970},{"@type":"BreadcrumbList","@id":"https:\/\/pulse.dbschenker.com.staging.mensemedia.net\/fr\/quelles-sont-les-missions-de-la-douane\/#breadcrumb","itemListElement":[{"@type":"ListItem","position":1,"name":"Home","item":"https:\/\/pulse.dbschenker.com.staging.mensemedia.net\/fr\/"},{"@type":"ListItem","position":2,"name":"Quelles sont les missions de la Douane ?"}]},{"@type":"WebSite","@id":"https:\/\/pulse.dbschenker.com.staging.mensemedia.net\/fr\/#website","url":"https:\/\/pulse.dbschenker.com.staging.mensemedia.net\/fr\/","name":"Pulse\/fr","description":"The French blog par DB Schenker","publisher":{"@id":"https:\/\/pulse.dbschenker.com.staging.mensemedia.net\/fr\/#organization"},"potentialAction":[{"@type":"SearchAction","target":{"@type":"EntryPoint","urlTemplate":"https:\/\/pulse.dbschenker.com.staging.mensemedia.net\/fr\/?s={search_term_string}"},"query-input":{"@type":"PropertyValueSpecification","valueRequired":true,"valueName":"search_term_string"}}],"inLanguage":"fr-FR"},{"@type":"Organization","@id":"https:\/\/pulse.dbschenker.com.staging.mensemedia.net\/fr\/#organization","name":"Pulse\/fr","url":"https:\/\/pulse.dbschenker.com.staging.mensemedia.net\/fr\/","logo":{"@type":"ImageObject","inLanguage":"fr-FR","@id":"https:\/\/pulse.dbschenker.com.staging.mensemedia.net\/fr\/#\/schema\/logo\/image\/","url":"https:\/\/pulse.dbschenker.com.staging.mensemedia.net\/fr\/wp-content\/uploads\/sites\/2\/2021\/01\/flag-1.svg","contentUrl":"https:\/\/pulse.dbschenker.com.staging.mensemedia.net\/fr\/wp-content\/uploads\/sites\/2\/2021\/01\/flag-1.svg","caption":"Pulse\/fr"},"image":{"@id":"https:\/\/pulse.dbschenker.com.staging.mensemedia.net\/fr\/#\/schema\/logo\/image\/"}}]}},"_links":{"self":[{"href":"https:\/\/pulse.dbschenker.com.staging.mensemedia.net\/fr\/wp-json\/wp\/v2\/pages\/554","targetHints":{"allow":["GET"]}}],"collection":[{"href":"https:\/\/pulse.dbschenker.com.staging.mensemedia.net\/fr\/wp-json\/wp\/v2\/pages"}],"about":[{"href":"https:\/\/pulse.dbschenker.com.staging.mensemedia.net\/fr\/wp-json\/wp\/v2\/types\/page"}],"author":[{"embeddable":true,"href":"https:\/\/pulse.dbschenker.com.staging.mensemedia.net\/fr\/wp-json\/wp\/v2\/users\/11"}],"replies":[{"embeddable":true,"href":"https:\/\/pulse.dbschenker.com.staging.mensemedia.net\/fr\/wp-json\/wp\/v2\/comments?post=554"}],"version-history":[{"count":2,"href":"https:\/\/pulse.dbschenker.com.staging.mensemedia.net\/fr\/wp-json\/wp\/v2\/pages\/554\/revisions"}],"predecessor-version":[{"id":602,"href":"https:\/\/pulse.dbschenker.com.staging.mensemedia.net\/fr\/wp-json\/wp\/v2\/pages\/554\/revisions\/602"}],"wp:featuredmedia":[{"embeddable":true,"href":"https:\/\/pulse.dbschenker.com.staging.mensemedia.net\/fr\/wp-json\/wp\/v2\/media\/539"}],"wp:attachment":[{"href":"https:\/\/pulse.dbschenker.com.staging.mensemedia.net\/fr\/wp-json\/wp\/v2\/media?parent=554"}],"curies":[{"name":"wp","href":"https:\/\/api.w.org\/{rel}","templated":true}]}}